{"id":2088,"date":"2018-11-30T13:07:55","date_gmt":"2018-11-30T13:07:55","guid":{"rendered":"http:\/\/fincalebrel.com\/?page_id=2088"},"modified":"2023-01-27T11:55:42","modified_gmt":"2023-01-27T11:55:42","slug":"inicio","status":"publish","type":"page","link":"https:\/\/fincalebrel.com\/","title":{"rendered":"Inicio"},"content":{"rendered":"<div class=\"wpb-content-wrapper\"><p>[vc_row full_width=\u00bbstretch_row_content_no_spaces\u00bb bottom_arrow=\u00bbon\u00bb bottom_arrow_caption=\u00bbBAJAR\u00bb css=\u00bb.vc_custom_1654075349052{margin-top: 0px !important;margin-right: 0px !important;margin-bottom: 0px !important;margin-left: 0px !important;padding-top: 0px !important;padding-right: 0px !important;padding-bottom: 0px !important;padding-left: 0px !important;}\u00bb][vc_column][rev_slider_vc alias=\u00bbinicio\u00bb][\/vc_column][\/vc_row][vc_row css=\u00bb.vc_custom_1543581040966{margin-top: 0px !important;margin-bottom: 40px !important;padding-top: 0px !important;}\u00bb][vc_column]<div id=\"ovd-17496\" class=\"ozy-vertical_divider wpb_content_element\"><span class=\"h2-size heading-font\"><\/span><\/div>[vc_custom_heading text=\u00bbBienvenidos a Finca El Lebrel\u00bb font_container=\u00bbtag:h1|text_align:center|color:%23c09e6f\u00bb use_theme_fonts=\u00bbyes\u00bb][vc_column_text css=\u00bb.vc_custom_1674741180885{padding-right: 10% !important;padding-left: 10% !important;}\u00bb]<\/p>\n<p style=\"text-align: center;\">Un lugar ideal para todo tipo de celebraciones, pensado para hacer realidad tus sue\u00f1os.<\/p>\n<p style=\"text-align: center;\">Dispondr\u00e1s de todos nuestros espacios en exclusiva, totalmente acondicionados para que cualquier celebraci\u00f3n se convierta en algo inolvidable.<\/p>\n<p style=\"text-align: center;\">Situada a pocos kil\u00f3metros de Zaragoza, pod\u00e9is disfrutar de un lugar selecto donde celebrar vuestra boda.<\/p>\n<p>[\/vc_column_text][\/vc_column][\/vc_row][vc_row full_width=\u00bbstretch_row_content_no_spaces\u00bb css=\u00bb.vc_custom_1485808479755{margin-top: 0px !important;margin-right: 0px !important;margin-bottom: 0px !important;margin-left: 0px !important;padding-top: 0px !important;padding-right: 0px !important;padding-bottom: 0px !important;padding-left: 0px !important;}\u00bb][vc_column width=\u00bb1\/4&#8243; el_class=\u00bbinicio-lebrel\u00bb]<div id=\"oivbx-696\" class=\"ozy-image_video_box   \" style=\"background-image:url(https:\/\/fincalebrel.com\/wp-content\/uploads\/2018\/11\/Inicio-1-c.jpg);\">\n<div class=\"overlay\"><\/div><a  href=\"https:\/\/fincalebrel.com\/index.php\/finca-bodas-zaragoza\/\"  target=\"\"  class=\"caption\"><h2>Finca El Lebrel<\/h2><p>Llevamos desde el 2005 siendo testigos de muchas historias con final feliz.<\/p><\/a><a  href=\"https:\/\/fincalebrel.com\/index.php\/finca-bodas-zaragoza\/\"  target=\"\" ><img decoding=\"async\" src=\"https:\/\/fincalebrel.com\/wp-content\/plugins\/ozy-wedding-planner-essentials\/images\/arrow_icon.svg\" class=\"svg\" alt=\"Arrow Icon\"\/><\/a><\/div>\n[\/vc_column][vc_column width=\u00bb1\/4&#8243;]<div id=\"oivbx-29067\" class=\"ozy-image_video_box   \" style=\"background-image:url(https:\/\/fincalebrel.com\/wp-content\/uploads\/2018\/11\/Inicio-878-c.jpg);\">\n<div class=\"overlay\"><\/div><a  href=\"https:\/\/fincalebrel.com\/index.php\/tu-boda\/\"  target=\"\"  class=\"caption\"><h2>Escribe tu gran d\u00eda con nosotros<\/h2><p>Tabajamos para que cada boda sea \u00fanica e inolvidable.<\/p><\/a><a  href=\"https:\/\/fincalebrel.com\/index.php\/tu-boda\/\"  target=\"\" ><img decoding=\"async\" src=\"https:\/\/fincalebrel.com\/wp-content\/plugins\/ozy-wedding-planner-essentials\/images\/arrow_icon.svg\" class=\"svg\" alt=\"Arrow Icon\"\/><\/a><\/div>\n[\/vc_column][vc_column width=\u00bb1\/4&#8243;]<div id=\"oivbx-49332\" class=\"ozy-image_video_box   \" style=\"background-image:url(https:\/\/fincalebrel.com\/wp-content\/uploads\/2018\/11\/Inicio-10-c.jpg);\">\n<div class=\"overlay\"><\/div><a  href=\"https:\/\/fincalebrel.com\/index.php\/nuestros-espacios\/\"  target=\"\"  class=\"caption\"><h2>Un lugar con duende<\/h2><p>Escenario perfecto para celebrar un d\u00eda muy especial.<\/p><\/a><a  href=\"https:\/\/fincalebrel.com\/index.php\/nuestros-espacios\/\"  target=\"\" ><img decoding=\"async\" src=\"https:\/\/fincalebrel.com\/wp-content\/plugins\/ozy-wedding-planner-essentials\/images\/arrow_icon.svg\" class=\"svg\" alt=\"Arrow Icon\"\/><\/a><\/div>\n[\/vc_column][vc_column width=\u00bb1\/4&#8243;]<div id=\"oivbx-29212\" class=\"ozy-image_video_box   \" style=\"background-image:url(https:\/\/fincalebrel.com\/wp-content\/uploads\/2018\/11\/Inicio-34-20-c.jpg);\">\n<div class=\"overlay\"><\/div><a  href=\"https:\/\/fincalebrel.com\/index.php\/eventos\/\"  target=\"\"  class=\"caption\"><h2>Inventa tus historias<\/h2><p>Comuniones, fiestas privadas, celebraciones de empresas, presentaciones de productos....<\/p><\/a><a  href=\"https:\/\/fincalebrel.com\/index.php\/eventos\/\"  target=\"\" ><img decoding=\"async\" src=\"https:\/\/fincalebrel.com\/wp-content\/plugins\/ozy-wedding-planner-essentials\/images\/arrow_icon.svg\" class=\"svg\" alt=\"Arrow Icon\"\/><\/a><\/div>\n[\/vc_column][\/vc_row][vc_row css=\u00bb.vc_custom_1485765698288{margin-top: 0px !important;}\u00bb][vc_column]<div id=\"ovd-915\" class=\"ozy-vertical_divider wpb_content_element\"><span class=\"h2-size heading-font\"><\/span><\/div>[vc_column_text css=\u00bb.vc_custom_1547023162197{margin-bottom: 0px !important;padding-bottom: 0px !important;}\u00bb]<\/p>\n<h1 style=\"text-align: center;\">Un lugar lleno de grandes d\u00edas<\/h1>\n<p>[\/vc_column_text][vc_separator color=\u00bbcustom\u00bb border_width=\u00bb2&#8243; el_width=\u00bb10&#8243; accent_color=\u00bb#c09e6f\u00bb css=\u00bb.vc_custom_1674741343024{margin-top: 10px !important;}\u00bb][vc_column_text css=\u00bb.vc_custom_1550229374874{margin-top: 0px !important;padding-right: 25% !important;padding-left: 25% !important;}\u00bb]<\/p>\n<h4 style=\"text-align: center;\">Conoce la experiencia de parejas que encontraron en nuestra finca el lugar perfecto para celebrar su gran d\u00eda.<\/h4>\n<p>[\/vc_column_text][\/vc_column][\/vc_row][vc_row css=\u00bb.vc_custom_1547038381152{margin-bottom: 40px !important;}\u00bb el_class=\u00bbtestimonio-inicio\u00bb][vc_column width=\u00bb1\/3&#8243; css=\u00bb.vc_custom_1543925177316{padding-bottom: 10px !important;}\u00bb]\r\n\t\t\t\t<div class=\"ozy-testimonial-quote group   left\" >\r\n\t\t\t\t\t<span class=\"img-wrapper\" class=\"shared-border-color\" style=\"background-image:url(https:\/\/fincalebrel.com\/wp-content\/uploads\/2019\/01\/Ainhoa-Alejandro.jpg)\">&nbsp;<\/span>\r\n\t\t\t\t\t<div class=\"ozy-quote-container has_image\">\r\n\t\t\t\t\t\t<blockquote>\r\n\t\t\t\t\t\t\t<p >Fue un d\u00eda incre\u00edble! Todo sali\u00f3 mejor de lo que imagin\u00e1bamos&#8230; Volver\u00edamos a repetir una y mil veces.<\/p>\r\n\t\t\t\t\t\t<\/blockquote>  \r\n\t\t\t\t\t\t<cite><span>Ainhoa y Alejandro<\/span><br>\r\n\t\t\t\t\t\t\t\r\n\t\t\t\t\t\t\t\r\n\t\t\t\t\t\t<\/cite>\r\n\t\t\t\t\t<\/div>\r\n\t\t\t\t\t\r\n\t\t\t\t<\/div>[\/vc_column][vc_column width=\u00bb1\/3&#8243; css=\u00bb.vc_custom_1543925191876{margin-bottom: 10px !important;}\u00bb]\r\n\t\t\t\t<div class=\"ozy-testimonial-quote group   left\" >\r\n\t\t\t\t\t<span class=\"img-wrapper\" class=\"shared-border-color\" style=\"background-image:url(https:\/\/fincalebrel.com\/wp-content\/uploads\/2019\/01\/Mapi-Jorge.jpg)\">&nbsp;<\/span>\r\n\t\t\t\t\t<div class=\"ozy-quote-container has_image\">\r\n\t\t\t\t\t\t<blockquote>\r\n\t\t\t\t\t\t\t<p >No podr\u00edamos haber elegido mejor. Una finca preciosa con un trato impecable por parte de todos sus profesionales S\u00faper cercanos y todo cuidado al detalle.<\/p>\r\n\t\t\t\t\t\t<\/blockquote>  \r\n\t\t\t\t\t\t<cite><span>Mapi y Jorge<\/span><br>\r\n\t\t\t\t\t\t\t\r\n\t\t\t\t\t\t\t\r\n\t\t\t\t\t\t<\/cite>\r\n\t\t\t\t\t<\/div>\r\n\t\t\t\t\t\r\n\t\t\t\t<\/div>[\/vc_column][vc_column width=\u00bb1\/3&#8243; css=\u00bb.vc_custom_1543925201009{margin-bottom: 10px !important;}\u00bb]\r\n\t\t\t\t<div class=\"ozy-testimonial-quote group   left\" >\r\n\t\t\t\t\t<span class=\"img-wrapper\" class=\"shared-border-color\" style=\"background-image:url(https:\/\/fincalebrel.com\/wp-content\/uploads\/2019\/01\/Carol-Roberto.jpg)\">&nbsp;<\/span>\r\n\t\t\t\t\t<div class=\"ozy-quote-container has_image\">\r\n\t\t\t\t\t\t<blockquote>\r\n\t\t\t\t\t\t\t<p >La finca fenomenal y la atenci\u00f3n y el personal insuperables. Para cualquier celebraci\u00f3n volveremos.<\/p>\r\n\t\t\t\t\t\t<\/blockquote>  \r\n\t\t\t\t\t\t<cite><span>Carol y Roberto<\/span><br>\r\n\t\t\t\t\t\t\t\r\n\t\t\t\t\t\t\t\r\n\t\t\t\t\t\t<\/cite>\r\n\t\t\t\t\t<\/div>\r\n\t\t\t\t\t\r\n\t\t\t\t<\/div>[\/vc_column][\/vc_row]<\/p>\n<\/div>","protected":false},"excerpt":{"rendered":"<p>[vc_row full_width=\u00bbstretch_row_content_no_spaces\u00bb bottom_arrow=\u00bbon\u00bb bottom_arrow_caption=\u00bbBAJAR\u00bb css=\u00bb.vc_custom_1654075349052{margin-top: 0px !important;margin-right: 0px !important;margin-bottom: 0px !important;margin-left: 0px !important;padding-top: 0px !important;padding-right: 0px !important;padding-bottom: 0px !important;padding-left: 0px !important;}\u00bb][vc_column][rev_slider_vc alias=\u00bbinicio\u00bb][\/vc_column][\/vc_row][vc_row css=\u00bb.vc_custom_1543581040966{margin-top: 0px !important;margin-bottom: 40px !important;padding-top: 0px !important;}\u00bb][vc_column][vc_custom_heading text=\u00bbBienvenidos [&hellip;]<\/p>\n","protected":false},"author":1,"featured_media":0,"parent":0,"menu_order":0,"comment_status":"closed","ping_status":"closed","template":"","meta":{"footnotes":""},"class_list":["post-2088","page","type-page","status-publish","hentry"],"aioseo_notices":[],"_links":{"self":[{"href":"https:\/\/fincalebrel.com\/index.php\/wp-json\/wp\/v2\/pages\/2088","targetHints":{"allow":["GET"]}}],"collection":[{"href":"https:\/\/fincalebrel.com\/index.php\/wp-json\/wp\/v2\/pages"}],"about":[{"href":"https:\/\/fincalebrel.com\/index.php\/wp-json\/wp\/v2\/types\/page"}],"author":[{"embeddable":true,"href":"https:\/\/fincalebrel.com\/index.php\/wp-json\/wp\/v2\/users\/1"}],"replies":[{"embeddable":true,"href":"https:\/\/fincalebrel.com\/index.php\/wp-json\/wp\/v2\/comments?post=2088"}],"version-history":[{"count":47,"href":"https:\/\/fincalebrel.com\/index.php\/wp-json\/wp\/v2\/pages\/2088\/revisions"}],"predecessor-version":[{"id":2799,"href":"https:\/\/fincalebrel.com\/index.php\/wp-json\/wp\/v2\/pages\/2088\/revisions\/2799"}],"wp:attachment":[{"href":"https:\/\/fincalebrel.com\/index.php\/wp-json\/wp\/v2\/media?parent=2088"}],"curies":[{"name":"wp","href":"https:\/\/api.w.org\/{rel}","templated":true}]}}