{"id":1866,"date":"2018-11-28T12:44:15","date_gmt":"2018-11-28T12:44:15","guid":{"rendered":"http:\/\/fincalebrel.com\/?page_id=1866"},"modified":"2023-01-27T12:26:58","modified_gmt":"2023-01-27T12:26:58","slug":"contacto","status":"publish","type":"page","link":"https:\/\/fincalebrel.com\/index.php\/contacto\/","title":{"rendered":"Contacto"},"content":{"rendered":"<div class=\"wpb-content-wrapper\"><p>[vc_row full_width=\u00bbstretch_row\u00bb css=\u00bb.vc_custom_1547472528662{margin-top: 0px !important;margin-bottom: 0px !important;background-image: url(https:\/\/fincalebrel.com\/wp-content\/uploads\/2019\/01\/NuestrosEspacios-3.jpg?id=2366) !important;background-position: center !important;background-repeat: no-repeat !important;background-size: cover !important;}\u00bb el_class=\u00bbcabecera\u00bb][vc_column][vc_custom_heading text=\u00bbNo lo dudes, inf\u00f3rmate\u00bb font_container=\u00bbtag:h1|font_size:80px|text_align:center|color:%23ffffff|line_height:86px\u00bb use_theme_fonts=\u00bbyes\u00bb css=\u00bb.vc_custom_1544008759560{padding-top: 5% !important;padding-right: 5% !important;padding-bottom: 5% !important;padding-left: 5% !important;background-color: rgba(0,0,0,0.45) !important;*background-color: rgb(0,0,0) !important;}\u00bb][\/vc_column][\/vc_row][vc_row css=\u00bb.vc_custom_1674822393748{margin-top: 0px !important;margin-bottom: 0px !important;padding-top: 60px !important;padding-bottom: 0px !important;}\u00bb][vc_column width=\u00bb1\/3&#8243;]<div id=\"tile-with-icon_icon8271\" class=\"title-with-icon-wrapper clear large \" data-color=\"\">\r\n\t\t\t<div class=\"wpb_content_element title-with-icon clearfix margin-bottom-0 \"><span  style=\"color:#c09e6f !important;background-color: !important;\" class=\"oic-location-1 clear large \" ><\/span><h3 style=\"color:#000000\">Direcci\u00f3n<\/h3>\r\n\t\t\t<\/div><div class=\"wpb_content_element left-cs title-with-icon-content large clearfix\" style=\"color:#000000\"><\/p>\n<p>Avda. Virgen del Pilar n\u00ba 32<br \/>\n50690, Pedrola (Zaragoza)<br \/>\nEspa\u00f1a<\/p>\n<p><\/div><\/div>[\/vc_column][vc_column width=\u00bb1\/3&#8243;]<div id=\"tile-with-icon_icon6674\" class=\"title-with-icon-wrapper clear large \" data-color=\"\">\r\n\t\t\t<div class=\"wpb_content_element title-with-icon clearfix margin-bottom-0 \"><span  style=\"color:#c09e6f !important;background-color: !important;\" class=\"oic-telephone clear large \" ><\/span><h3 style=\"color:#000000\">Tel\u00e9fono<\/h3>\r\n\t\t\t<\/div><div class=\"wpb_content_element left-cs title-with-icon-content large clearfix\" style=\"color:#000000\"><\/p>\n<p><strong>Tlf.:<\/strong> 976 619 137<br \/>\n<strong>M\u00f3vil:<\/strong> 645 694 035<\/p>\n<p><\/div><\/div>[\/vc_column][vc_column width=\u00bb1\/3&#8243;]<div id=\"tile-with-icon_icon461\" class=\"title-with-icon-wrapper clear large \" data-color=\"\">\r\n\t\t\t<div class=\"wpb_content_element title-with-icon clearfix margin-bottom-0 \"><span  style=\"color:#c09e6f !important;background-color: !important;\" class=\"oic-monitor clear large \" ><\/span><h3 style=\"color:#000000\">E-Mail<\/h3>\r\n\t\t\t<\/div><div class=\"wpb_content_element left-cs title-with-icon-content large clearfix\" style=\"color:#000000\"><\/p>\n<div class=\"text-xs-left unit-body\">E-mail: <a href=\"mailto:info@fincalebrel.com\">info@fincalebrel.com<\/a><\/div>\n<p><\/div><\/div>[\/vc_column][\/vc_row][vc_row css=\u00bb.vc_custom_1543409021041{margin-bottom: 30px !important;}\u00bb][vc_column]<h1 class=\"ozy-divider-cap-center wpb_content_element \"  style=\"color:#000000\" >Contacta con nosotros<\/h1><div class=\"ozy-content-divider \" style=\"border-top-style:solid;border-top-width:2px;border-top-color:#c09e6f!important;width:40px;max-width:40px;margin:20px auto;\"><\/div>[vc_column_text css=\u00bb.vc_custom_1543404792538{margin-bottom: 30px !important;}\u00bb]<\/p>\n<p style=\"text-align: center;\">Para socilitar informaci\u00f3n rellena el formulario.<\/p>\n<p>[\/vc_column_text]\n<div class=\"wpcf7 no-js\" id=\"wpcf7-f1882-o1\" lang=\"en-US\" dir=\"ltr\" data-wpcf7-id=\"1882\">\n<div class=\"screen-reader-response\"><p role=\"status\" aria-live=\"polite\" aria-atomic=\"true\"><\/p> <ul><\/ul><\/div>\n<form action=\"\/index.php\/wp-json\/wp\/v2\/pages\/1866#wpcf7-f1882-o1\" method=\"post\" class=\"wpcf7-form init\" aria-label=\"Contact form\" novalidate=\"novalidate\" data-status=\"init\">\n<fieldset class=\"hidden-fields-container\"><input type=\"hidden\" name=\"_wpcf7\" value=\"1882\" \/><input type=\"hidden\" name=\"_wpcf7_version\" value=\"6.1.5\" \/><input type=\"hidden\" name=\"_wpcf7_locale\" value=\"en_US\" \/><input type=\"hidden\" name=\"_wpcf7_unit_tag\" value=\"wpcf7-f1882-o1\" \/><input type=\"hidden\" name=\"_wpcf7_container_post\" value=\"0\" \/><input type=\"hidden\" name=\"_wpcf7_posted_data_hash\" value=\"\" \/>\n<\/fieldset>\n<p class=\"ozy-half-input\"><span class=\"wpcf7-form-control-wrap\" data-name=\"your-name\"><input size=\"40\" maxlength=\"400\" class=\"wpcf7-form-control wpcf7-text wpcf7-validates-as-required\" aria-required=\"true\" aria-invalid=\"false\" placeholder=\"Nombre *\" value=\"\" type=\"text\" name=\"your-name\" \/><\/span>\n<\/p>\n<p class=\"ozy-half-input-last\"><span class=\"wpcf7-form-control-wrap\" data-name=\"your-email\"><input size=\"40\" maxlength=\"400\" class=\"wpcf7-form-control wpcf7-email wpcf7-validates-as-required wpcf7-text wpcf7-validates-as-email\" aria-required=\"true\" aria-invalid=\"false\" placeholder=\"Email *\" value=\"\" type=\"email\" name=\"your-email\" \/><\/span>\n<\/p>\n<p class=\"ozy-half-input\"><span class=\"wpcf7-form-control-wrap\" data-name=\"your-phone\"><input size=\"40\" maxlength=\"400\" class=\"wpcf7-form-control wpcf7-text\" aria-invalid=\"false\" placeholder=\"Tel\u00e9fono\" value=\"\" type=\"text\" name=\"your-phone\" \/><\/span>\n<\/p>\n<p class=\"ozy-half-input-last\"><span class=\"wpcf7-form-control-wrap\" data-name=\"your-asunto\"><input size=\"40\" maxlength=\"400\" class=\"wpcf7-form-control wpcf7-text wpcf7-validates-as-required\" aria-required=\"true\" aria-invalid=\"false\" placeholder=\"Asunto *\" value=\"\" type=\"text\" name=\"your-asunto\" \/><\/span>\n<\/p>\n<p class=\"ozy-full-input\"><span class=\"wpcf7-form-control-wrap\" data-name=\"your-message\"><textarea cols=\"40\" rows=\"3\" maxlength=\"2000\" class=\"wpcf7-form-control wpcf7-textarea\" aria-invalid=\"false\" placeholder=\"Mensaje\" name=\"your-message\"><\/textarea><\/span>\n<\/p>\n<p><span id=\"wpcf7-6a094ef22c88e-wrapper\" class=\"wpcf7-form-control-wrap webmail-10-wrap\" ><label for=\"wpcf7-6a094ef22c88e-field\" class=\"hp-message\">Please leave this field empty.<\/label><input id=\"wpcf7-6a094ef22c88e-field\"  class=\"wpcf7-form-control wpcf7-text\" type=\"text\" name=\"webmail-10\" value=\"\" size=\"40\" tabindex=\"-1\" autocomplete=\"new-password\" \/><\/span>\n<\/p>\n<p class=\"ozy-full-input\"><span class=\"wpcf7-form-control-wrap\" data-name=\"privacidad\"><span class=\"wpcf7-form-control wpcf7-acceptance\"><span class=\"wpcf7-list-item\"><input type=\"checkbox\" name=\"privacidad\" value=\"1\" aria-invalid=\"false\" \/><\/span><\/span><\/span> He le\u00eddo y acepto la <a href=\"https:\/\/fincalebrel.com\/index.php\/politica-privacidad\/\" class=\"active\">Pol\u00edtica de privacidad<\/a>\n<\/p>\n<p class=\"ozy-full-input-center\"><input class=\"wpcf7-form-control wpcf7-submit has-spinner\" type=\"submit\" value=\"Env\u00eda tu mensaje\" \/>\n<\/p>\n<div class=\"rgpd\">\n\t<p>Responsable \u00bb Betacasam, S.L.<br \/>\nFinalidad \u00bb responder las consultas planteadas por el usuario y enviarle la informaci\u00f3n solicitada.<br \/>\nLegitimaci\u00f3n \u00bb tu consentimiento.<br \/>\nDestinatarios \u00bb solo se realizan cesiones si existe una obligaci\u00f3n legal.<br \/>\nDerechos \u00bb podr\u00e1s ejercer tus derechos de acceso, rectificaci\u00f3n, limitaci\u00f3n y suprimir los datos, como se indica en la <a href=\"https:\/\/fincalebrel.com\/index.php\/politica-privacidad\/\">Pol\u00edtica de privacidad<\/a>\n\t<\/p>\n<\/div><p style=\"display: none !important;\" class=\"akismet-fields-container\" data-prefix=\"_wpcf7_ak_\"><label>&#916;<textarea name=\"_wpcf7_ak_hp_textarea\" cols=\"45\" rows=\"8\" maxlength=\"100\"><\/textarea><\/label><input type=\"hidden\" id=\"ak_js_1\" name=\"_wpcf7_ak_js\" value=\"145\"\/><script>document.getElementById( \"ak_js_1\" ).setAttribute( \"value\", ( new Date() ).getTime() );<\/script><\/p><div class=\"wpcf7-response-output\" aria-hidden=\"true\"><\/div>\n<\/form>\n<\/div>\n[\/vc_column][\/vc_row][vc_row full_width=\u00bbstretch_row_content\u00bb][vc_column][vc_raw_html css=\u00bb.vc_custom_1543408627114{margin-right: 20px !important;margin-bottom: 0px !important;margin-left: 20px !important;padding-bottom: 0px !important;}\u00bb]JTNDaWZyYW1lJTIwc3JjJTNEJTIyaHR0cHMlM0ElMkYlMkZ3d3cuZ29vZ2xlLmNvbSUyRm1hcHMlMkZlbWJlZCUzRnBiJTNEJTIxMW0xOCUyMTFtMTIlMjExbTMlMjExZDI5NzUuMDkwNjgyNzY2NzA5NSUyMTJkLTEuMjI2NDQ1Mjg0MTcxMzc5MyUyMTNkNDEuNzgzMjU5Mjc5MjI5ODklMjEybTMlMjExZjAlMjEyZjAlMjEzZjAlMjEzbTIlMjExaTEwMjQlMjEyaTc2OCUyMTRmMTMuMSUyMTNtMyUyMTFtMiUyMTFzMHhkNWJkN2M1OWRmODI2MTElMjUzQTB4NzgzMzlmNTQxYjQ0M2QzMiUyMTJzRmluY2ElMkJFbCUyQkxlYnJlbCUyMTVlMCUyMTNtMiUyMTFzZXMlMjEyc2VzJTIxNHYxNTQzNDA2ODU0NDU0JTIyJTIwd2lkdGglM0QlMjIxMDAlMjUlMjIlMjBoZWlnaHQlM0QlMjIzNTAlMjIlMjBmcmFtZWJvcmRlciUzRCUyMjAlMjIlMjBzdHlsZSUzRCUyMmJvcmRlciUzQTAlMjIlMjBhbGxvd2Z1bGxzY3JlZW4lM0UlM0MlMkZpZnJhbWUlM0U=[\/vc_raw_html][\/vc_column][\/vc_row]<\/p>\n<\/div>","protected":false},"excerpt":{"rendered":"<p>[vc_row full_width=\u00bbstretch_row\u00bb css=\u00bb.vc_custom_1547472528662{margin-top: 0px !important;margin-bottom: 0px !important;background-image: url(https:\/\/fincalebrel.com\/wp-content\/uploads\/2019\/01\/NuestrosEspacios-3.jpg?id=2366) !important;background-position: center !important;background-repeat: no-repeat !important;background-size: cover !important;}\u00bb el_class=\u00bbcabecera\u00bb][vc_column][vc_custom_heading text=\u00bbNo lo dudes, inf\u00f3rmate\u00bb font_container=\u00bbtag:h1|font_size:80px|text_align:center|color:%23ffffff|line_height:86px\u00bb use_theme_fonts=\u00bbyes\u00bb css=\u00bb.vc_custom_1544008759560{padding-top: 5% !important;padding-right: 5% !important;padding-bottom: 5% !important;padding-left: 5% [&hellip;]<\/p>\n","protected":false},"author":1,"featured_media":0,"parent":0,"menu_order":6,"comment_status":"closed","ping_status":"closed","template":"","meta":{"footnotes":""},"class_list":["post-1866","page","type-page","status-publish","hentry"],"aioseo_notices":[],"_links":{"self":[{"href":"https:\/\/fincalebrel.com\/index.php\/wp-json\/wp\/v2\/pages\/1866","targetHints":{"allow":["GET"]}}],"collection":[{"href":"https:\/\/fincalebrel.com\/index.php\/wp-json\/wp\/v2\/pages"}],"about":[{"href":"https:\/\/fincalebrel.com\/index.php\/wp-json\/wp\/v2\/types\/page"}],"author":[{"embeddable":true,"href":"https:\/\/fincalebrel.com\/index.php\/wp-json\/wp\/v2\/users\/1"}],"replies":[{"embeddable":true,"href":"https:\/\/fincalebrel.com\/index.php\/wp-json\/wp\/v2\/comments?post=1866"}],"version-history":[{"count":43,"href":"https:\/\/fincalebrel.com\/index.php\/wp-json\/wp\/v2\/pages\/1866\/revisions"}],"predecessor-version":[{"id":2812,"href":"https:\/\/fincalebrel.com\/index.php\/wp-json\/wp\/v2\/pages\/1866\/revisions\/2812"}],"wp:attachment":[{"href":"https:\/\/fincalebrel.com\/index.php\/wp-json\/wp\/v2\/media?parent=1866"}],"curies":[{"name":"wp","href":"https:\/\/api.w.org\/{rel}","templated":true}]}}